{"id":178,"date":"2025-08-24T21:10:59","date_gmt":"2025-08-24T21:10:59","guid":{"rendered":"http:\/\/pommesendelices.fr\/?page_id=178"},"modified":"2025-08-29T14:13:06","modified_gmt":"2025-08-29T14:13:06","slug":"la-production-de-pommes-en-france","status":"publish","type":"page","link":"https:\/\/pommesendelices.fr\/index.php\/la-production-de-pommes-en-france\/","title":{"rendered":"La production de pommes en France?"},"content":{"rendered":"\t\t<div data-elementor-type=\"wp-page\" data-elementor-id=\"178\" class=\"elementor elementor-178\">\n\t\t\t\t<div class=\"elementor-element elementor-element-15fd063 e-flex e-con-boxed e-con e-parent\" data-id=\"15fd063\" data-element_type=\"container\">\n\t\t\t\t\t<div class=\"e-con-inner\">\n\t\t\t\t<div class=\"elementor-element elementor-element-14a8d8cf elementor-widget elementor-widget-text-editor\" data-id=\"14a8d8cf\" data-element_type=\"widget\" data-widget_type=\"text-editor.default\">\n\t\t\t\t\t\t\t\t\t\n<h2 class=\"wp-block-heading\">Production de pommes en France en 2024 (campagne r\u00e9cente)<\/h2>\n\n<ul class=\"wp-block-list\">\n<li>Au <strong>1er septembre 2024<\/strong>, la production est estim\u00e9e \u00e0 <strong>1,56 million de tonnes<\/strong>, l\u00e9g\u00e8rement en baisse par rapport \u00e0 2023 (\u2013 2 %), mais sup\u00e9rieure \u00e0 la moyenne 2019\u20132023 (+ 6 %) <a href=\"https:\/\/agreste.agriculture.gouv.fr\/agreste-web\/disaron\/IraFru24111\/detail\/?utm_source=chatgpt.com\" target=\"_blank\" rel=\"noreferrer noopener\">Agreste<\/a>.<\/li>\n\n<li>Une estimation ant\u00e9rieure, au <strong>1er ao\u00fbt 2024<\/strong>, faisait \u00e9tat d\u2019un volume similaire de <strong>1,55 million de tonnes<\/strong>, soit \u2013 3 % par rapport \u00e0 2023, tout en restant en hausse relative \u00e0 la moyenne quinquennale (+ 5 %) <a href=\"https:\/\/agreste.agriculture.gouv.fr\/agreste-web\/disaron\/IraFru2498\/detail\/?utm_source=chatgpt.com\" target=\"_blank\" rel=\"noreferrer noopener\">Agreste<\/a><a href=\"https:\/\/www.lafranceagricole.fr\/conjoncture-cultures\/article\/870656\/la-production-de-pomme-confirme-son-repli-sur-un-an?utm_source=chatgpt.com\" target=\"_blank\" rel=\"noreferrer noopener\">La France Agricole<\/a>.<\/li>\n<\/ul>\n\n<h3 class=\"wp-block-heading\">2023<\/h3>\n\n<ul class=\"wp-block-list\">\n<li>Au <strong>1er novembre 2023<\/strong>, Agreste estime la production \u00e0 <strong>1,58 million de tonnes<\/strong>, en hausse de + 9 % par rapport \u00e0 2022 et + 8 % par rapport \u00e0 la moyenne 2018\u20132022 <a href=\"https:\/\/www.lafranceagricole.fr\/conjoncture-cultures\/article\/848415\/la-production-de-pommes-decolle-en-2023?utm_source=chatgpt.com\" target=\"_blank\" rel=\"noreferrer noopener\">La France Agricole<\/a>.<\/li>\n\n<li>Au <strong>1er ao\u00fbt 2023<\/strong>, une autre estimation indique <strong>1,603 million de tonnes<\/strong>, soit + 11 % par rapport \u00e0 2022 et + 10 % versus la moyenne 2018\u20132022 <a href=\"https:\/\/www.terredauphinoise.fr\/articles\/production-de-pommes-en-hausse-de-1-en-2023-91912\/?utm_source=chatgpt.com\" target=\"_blank\" rel=\"noreferrer noopener\">terredauphinoise.fr<\/a><a href=\"https:\/\/www.lafranceagricole.fr\/conjoncture-cultures\/article\/843547\/la-production-de-pommes-de-2023-revue-a-la-hausse?utm_source=chatgpt.com\" target=\"_blank\" rel=\"noreferrer noopener\">La France Agricole<\/a>.<\/li>\n<\/ul>\n\n<h3 class=\"wp-block-heading\">2022<\/h3>\n\n<ul class=\"wp-block-list\">\n<li>La production pour 2022 est de <strong>1,456 million de tonnes<\/strong>, en hausse de + 11 % par rapport \u00e0 2021, et l\u00e9g\u00e8rement au-dessus de la moyenne quinquennale <a href=\"https:\/\/www.lafranceagricole.fr\/fruits-et-legumes\/article\/839808\/la-production-de-pommes-a-bien-rebondi?utm_source=chatgpt.com\" target=\"_blank\" rel=\"noreferrer noopener\">La France Agricole<\/a>.<\/li>\n<\/ul>\n\n<figure class=\"wp-block-image size-full\"><img fetchpriority=\"high\" decoding=\"async\" width=\"729\" height=\"197\" class=\"wp-image-179\" src=\"http:\/\/pommesendelices.fr\/wp-content\/uploads\/2025\/08\/image.png\" alt=\"\" srcset=\"https:\/\/pommesendelices.fr\/wp-content\/uploads\/2025\/08\/image.png 729w, https:\/\/pommesendelices.fr\/wp-content\/uploads\/2025\/08\/image-300x81.png 300w\" sizes=\"(max-width: 729px) 100vw, 729px\" \/><\/figure>\n\n<p>\u00a0<\/p>\n\n<p>En r\u00e9sum\u00e9<\/p>\n\n<div class=\"wp-block-group is-nowrap is-layout-flex wp-container-core-group-is-layout-ad2f72ca wp-block-group-is-layout-flex\">\n<p><strong>2024<\/strong> : l\u00e9g\u00e8re baisse observ\u00e9e (estimations \u00e0 <strong>1,55\u20131,56 million de tonnes<\/strong>), mais niveau toujours sup\u00e9rieur \u00e0 la moyenne pr\u00e9c\u00e9dant 2022.<\/p>\n<\/div>\n<div class=\"wp-block-image\">\n<figure class=\"alignright size-full\"><img decoding=\"async\" width=\"413\" height=\"442\" class=\"wp-image-180\" src=\"http:\/\/pommesendelices.fr\/wp-content\/uploads\/2025\/08\/image-1.png\" alt=\"\" srcset=\"https:\/\/pommesendelices.fr\/wp-content\/uploads\/2025\/08\/image-1.png 413w, https:\/\/pommesendelices.fr\/wp-content\/uploads\/2025\/08\/image-1-280x300.png 280w\" sizes=\"(max-width: 413px) 100vw, 413px\" \/><\/figure>\n<\/div>\n<p><strong>2022<\/strong> : forte reprise, avec environ <strong>1,456 million de tonnes<\/strong>.<\/p>\n\n<p><strong>2023<\/strong> : progression significative, atteignant entre <strong>1,58 et 1,603 million de tonnes<\/strong> selon les dates de r\u00e9f\u00e9rence.<\/p>\n\n<blockquote class=\"wp-block-quote is-layout-flow wp-block-quote-is-layout-flow\">\n<p>Ce contenu a \u00e9t\u00e9 g\u00e9n\u00e9r\u00e9 par l&rsquo;IA de ChtGPT<\/p>\n<\/blockquote>\n\t\t\t\t\t\t\t\t<\/div>\n\t\t\t\t\t<\/div>\n\t\t\t\t<\/div>\n\t\t\t\t<\/div>\n\t\t","protected":false},"excerpt":{"rendered":"<p>Production de pommes en France en 2024 (campagne r\u00e9cente) 2023 2022 \u00a0 En r\u00e9sum\u00e9 2024 : l\u00e9g\u00e8re baisse observ\u00e9e (estimations \u00e0 1,55\u20131,56 million de tonnes), mais niveau toujours sup\u00e9rieur \u00e0 la moyenne pr\u00e9c\u00e9dant 2022. 2022 : forte reprise, avec environ 1,456 million de tonnes. 2023 : progression significative, atteignant entre 1,58 et 1,603 million de &hellip; <\/p>\n","protected":false},"author":1,"featured_media":148,"parent":0,"menu_order":0,"comment_status":"closed","ping_status":"closed","template":"","meta":{"footnotes":""},"class_list":["post-178","page","type-page","status-publish","has-post-thumbnail","hentry"],"_links":{"self":[{"href":"https:\/\/pommesendelices.fr\/index.php\/wp-json\/wp\/v2\/pages\/178","targetHints":{"allow":["GET"]}}],"collection":[{"href":"https:\/\/pommesendelices.fr\/index.php\/wp-json\/wp\/v2\/pages"}],"about":[{"href":"https:\/\/pommesendelices.fr\/index.php\/wp-json\/wp\/v2\/types\/page"}],"author":[{"embeddable":true,"href":"https:\/\/pommesendelices.fr\/index.php\/wp-json\/wp\/v2\/users\/1"}],"replies":[{"embeddable":true,"href":"https:\/\/pommesendelices.fr\/index.php\/wp-json\/wp\/v2\/comments?post=178"}],"version-history":[{"count":5,"href":"https:\/\/pommesendelices.fr\/index.php\/wp-json\/wp\/v2\/pages\/178\/revisions"}],"predecessor-version":[{"id":288,"href":"https:\/\/pommesendelices.fr\/index.php\/wp-json\/wp\/v2\/pages\/178\/revisions\/288"}],"wp:featuredmedia":[{"embeddable":true,"href":"https:\/\/pommesendelices.fr\/index.php\/wp-json\/wp\/v2\/media\/148"}],"wp:attachment":[{"href":"https:\/\/pommesendelices.fr\/index.php\/wp-json\/wp\/v2\/media?parent=178"}],"curies":[{"name":"wp","href":"https:\/\/api.w.org\/{rel}","templated":true}]}}